{"id":782,"date":"2012-09-07T09:25:40","date_gmt":"2012-09-07T08:25:40","guid":{"rendered":"http:\/\/www.karate-shukokai.fr\/site\/?page_id=782"},"modified":"2012-09-07T15:23:45","modified_gmt":"2012-09-07T14:23:45","slug":"karate-body-training","status":"publish","type":"page","link":"https:\/\/www.karate-shukokai.fr\/site\/?page_id=782","title":{"rendered":"Karat\u00e9 Body Training"},"content":{"rendered":"<p style=\"text-align: center;\"><a href=\"https:\/\/www.karate-shukokai.fr\/site\/wp-content\/uploads\/2012\/09\/flyeu-body.png\"><img loading=\"lazy\" decoding=\"async\" width=\"800\" height=\"1131\" class=\"alignnone size-full wp-image-867\" title=\"flyeu body\" src=\"https:\/\/www.karate-shukokai.fr\/site\/wp-content\/uploads\/2012\/09\/flyeu-body.png\" alt=\"\" srcset=\"https:\/\/www.karate-shukokai.fr\/site\/wp-content\/uploads\/2012\/09\/flyeu-body.png 800w, https:\/\/www.karate-shukokai.fr\/site\/wp-content\/uploads\/2012\/09\/flyeu-body-212x300.png 212w, https:\/\/www.karate-shukokai.fr\/site\/wp-content\/uploads\/2012\/09\/flyeu-body-724x1024.png 724w\" sizes=\"auto, (max-width: 800px) 100vw, 800px\" \/><\/a><\/p>\n<p style=\"text-align: center;\">\n<p style=\"text-align: center;\"><strong>&#8212; KARAT\u00c9 BODY TRAINING &#8212;<\/strong><\/p>\n<p style=\"text-align: center;\"><strong>Vous avez un corps !!! D\u00e9fendez le !!!<\/strong><\/p>\n<p style=\"text-align: center;\"><strong>Le KARATE BODY TRAINING est une discipline qui allie le fitness et les techniques de karat\u00e9 sans contact sur une musique dynamique et entra\u00eenante.<\/strong><\/p>\n<p style=\"text-align: center;\">Cette activit\u00e9 th\u00e9rapeutique assouplit le corps, d\u00e9tend l\u2019esprit tout en permettant une remise en forme et le d\u00e9veloppement d\u2019une bonne condition physique. Bien sur le Body Karat\u00e9 est ouvert \u00e0 tous : femmes, hommes, ados, d\u00e9butants ou karat\u00e9kas confirm\u00e9s.<\/p>\n<p style=\"text-align: center;\">On se d\u00e9pense !!! On se d\u00e9foule !!! Et tout \u00e7a dans la bonne humeur.<\/p>\n","protected":false},"excerpt":{"rendered":"<p>&#8212; KARAT\u00c9 BODY TRAINING &#8212; Vous avez un corps !!! D\u00e9fendez le !!! Le KARATE BODY TRAINING est une discipline qui allie le fitness et les techniques de karat\u00e9 sans contact sur une musique dynamique et entra\u00eenante. Cette activit\u00e9 th\u00e9rapeutique assouplit le corps, d\u00e9tend l\u2019esprit tout en permettant une remise en forme et le d\u00e9veloppement <\/p>\n","protected":false},"author":1,"featured_media":0,"parent":0,"menu_order":0,"comment_status":"open","ping_status":"open","template":"","meta":{"footnotes":""},"class_list":["post-782","page","type-page","status-publish","hentry"],"_links":{"self":[{"href":"https:\/\/www.karate-shukokai.fr\/site\/index.php?rest_route=\/wp\/v2\/pages\/782","targetHints":{"allow":["GET"]}}],"collection":[{"href":"https:\/\/www.karate-shukokai.fr\/site\/index.php?rest_route=\/wp\/v2\/pages"}],"about":[{"href":"https:\/\/www.karate-shukokai.fr\/site\/index.php?rest_route=\/wp\/v2\/types\/page"}],"author":[{"embeddable":true,"href":"https:\/\/www.karate-shukokai.fr\/site\/index.php?rest_route=\/wp\/v2\/users\/1"}],"replies":[{"embeddable":true,"href":"https:\/\/www.karate-shukokai.fr\/site\/index.php?rest_route=%2Fwp%2Fv2%2Fcomments&post=782"}],"version-history":[{"count":8,"href":"https:\/\/www.karate-shukokai.fr\/site\/index.php?rest_route=\/wp\/v2\/pages\/782\/revisions"}],"predecessor-version":[{"id":868,"href":"https:\/\/www.karate-shukokai.fr\/site\/index.php?rest_route=\/wp\/v2\/pages\/782\/revisions\/868"}],"wp:attachment":[{"href":"https:\/\/www.karate-shukokai.fr\/site\/index.php?rest_route=%2Fwp%2Fv2%2Fmedia&parent=782"}],"curies":[{"name":"wp","href":"https:\/\/api.w.org\/{rel}","templated":true}]}}