{"id":706,"date":"2012-09-05T14:24:53","date_gmt":"2012-09-05T12:24:53","guid":{"rendered":"http:\/\/www.karate-shukokai.fr\/site\/?page_id=706"},"modified":"2019-09-07T11:12:51","modified_gmt":"2019-09-07T09:12:51","slug":"professeur-club-santeny","status":"publish","type":"page","link":"https:\/\/www.karate-shukokai.fr\/site\/?page_id=706","title":{"rendered":"Professeur Club Santeny"},"content":{"rendered":"<h4><span style=\"text-decoration: underline;\"><span style=\"color: #0000ff;\"><a title=\"Pascal Sillard\" href=\"https:\/\/www.karate-shukokai.fr\/site\/pascal-sillard\"><span style=\"color: #0000ff; text-decoration: underline;\">Pascal Sillard<\/span><\/a><\/span><\/span><\/h4>\n<p>5\u00e8me Dan FFKDA<br \/>\n5\u00e8me Dan KOFUKAN International\u00a0 \u00a0 \u00a0 \u00a0 \u00a0 \u00a0 \u00a0 \u00a0 \u00a0 \u00a0 \u00a0 \u00a0 \u00a0 \u00a0 \u00a0 \u00a0 \u00a0 \u00a0 \u00a0 \u00a0 \u00a0 \u00a0 \u00a0 \u00a0 \u00a0 \u00a0 \u00a0 \u00a0 \u00a0 \u00a0 \u00a0 \u00a0 \u00a0 \u00a0 \u00a0 \u00a0 \u00a0 \u00a0 \u00a0 \u00a0 \u00a0 \u00a0 \u00a0 \u00a0 \u00a0 \u00a0 \u00a0 \u00a0 \u00a0 \u00a0 BEES 1er Degr\u00e9: Brevet d&rsquo;Etat d&rsquo;Educateur Sportif\u00a0 \u00a0 \u00a0 \u00a0 \u00a0 \u00a0 \u00a0 \u00a0 \u00a0 \u00a0 \u00a0 \u00a0 \u00a0 \u00a0 \u00a0 \u00a0 \u00a0 \u00a0 \u00a0 \u00a0 \u00a0 \u00a0 \u00a0 \u00a0 \u00a0 \u00a0 \u00a0 \u00a0 \u00a0 \u00a0 DEJEPS: Diplom\u00e9 d&rsquo;Etat Jeunesse, Education Populaire et Sport<\/p>\n<p><span style=\"color: #993300;\">Body Karat\u00e9 <span style=\"color: #000000;\">&#8211;<\/span> Karat\u00e9 do<span style=\"color: #000000;\"> &#8211;<\/span> karat\u00e9 contact\u00a0<\/span><\/p>\n<h4>Lionel Garnier<\/h4>\n<p>4\u00e8me Dan FFKDA<br \/>\nDipl\u00f4me instructeur f\u00e9d\u00e9ral<br \/>\nCertificat de qualification professionnel karat\u00e9<br \/>\n<span style=\"color: #993300;\">Body Karat\u00e9<\/span> &#8211; <span style=\"color: #993300;\">Karat\u00e9 contact<\/span><\/p>\n<h4>Pierre-Fran\u00e7ois\u00a0Barreau<\/h4>\n<p>3\u00e8me Dan FFKDA<br \/>\nDipl\u00f4me d&rsquo;instructeur f\u00e9d\u00e9ral<br \/>\nCertificat de qualification professionnel karat\u00e9<br \/>\n<span style=\"color: #993300;\">Karat\u00e9 contact\u00a0<\/span><\/p>\n<h4>Thierry Gr\u00e9han<\/h4>\n<p>3\u00e8me Dan FFKDA<br \/>\nDipl\u00f4me d&rsquo;instructeur f\u00e9d\u00e9ral<br \/>\n<span style=\"color: #993300;\">Karat\u00e9 contact\u00a0<\/span><\/p>\n","protected":false},"excerpt":{"rendered":"<p>Pascal Sillard 5\u00e8me Dan FFKDA 5\u00e8me Dan KOFUKAN International\u00a0 \u00a0 \u00a0 \u00a0 \u00a0 \u00a0 \u00a0 \u00a0 \u00a0 \u00a0 \u00a0 \u00a0 \u00a0 \u00a0 \u00a0 \u00a0 \u00a0 \u00a0 \u00a0 \u00a0 \u00a0 \u00a0 \u00a0 \u00a0 \u00a0 \u00a0 \u00a0 \u00a0 \u00a0 \u00a0 \u00a0 \u00a0 \u00a0 \u00a0 \u00a0 \u00a0 \u00a0 \u00a0 \u00a0 \u00a0 \u00a0 \u00a0 \u00a0 \u00a0 \u00a0 \u00a0 \u00a0 <\/p>\n","protected":false},"author":1,"featured_media":0,"parent":614,"menu_order":0,"comment_status":"open","ping_status":"closed","template":"","meta":{"footnotes":""},"class_list":["post-706","page","type-page","status-publish","hentry"],"_links":{"self":[{"href":"https:\/\/www.karate-shukokai.fr\/site\/index.php?rest_route=\/wp\/v2\/pages\/706","targetHints":{"allow":["GET"]}}],"collection":[{"href":"https:\/\/www.karate-shukokai.fr\/site\/index.php?rest_route=\/wp\/v2\/pages"}],"about":[{"href":"https:\/\/www.karate-shukokai.fr\/site\/index.php?rest_route=\/wp\/v2\/types\/page"}],"author":[{"embeddable":true,"href":"https:\/\/www.karate-shukokai.fr\/site\/index.php?rest_route=\/wp\/v2\/users\/1"}],"replies":[{"embeddable":true,"href":"https:\/\/www.karate-shukokai.fr\/site\/index.php?rest_route=%2Fwp%2Fv2%2Fcomments&post=706"}],"version-history":[{"count":11,"href":"https:\/\/www.karate-shukokai.fr\/site\/index.php?rest_route=\/wp\/v2\/pages\/706\/revisions"}],"predecessor-version":[{"id":2043,"href":"https:\/\/www.karate-shukokai.fr\/site\/index.php?rest_route=\/wp\/v2\/pages\/706\/revisions\/2043"}],"up":[{"embeddable":true,"href":"https:\/\/www.karate-shukokai.fr\/site\/index.php?rest_route=\/wp\/v2\/pages\/614"}],"wp:attachment":[{"href":"https:\/\/www.karate-shukokai.fr\/site\/index.php?rest_route=%2Fwp%2Fv2%2Fmedia&parent=706"}],"curies":[{"name":"wp","href":"https:\/\/api.w.org\/{rel}","templated":true}]}}