{"id":660,"date":"2012-09-05T14:09:30","date_gmt":"2012-09-05T12:09:30","guid":{"rendered":"http:\/\/www.karate-shukokai.fr\/site\/?page_id=660"},"modified":"2024-12-04T14:13:16","modified_gmt":"2024-12-04T12:13:16","slug":"tarifs-club-coulommiers","status":"publish","type":"page","link":"https:\/\/www.karate-shukokai.fr\/site\/?page_id=660","title":{"rendered":"Tarifs Coulommiers 2024-2025"},"content":{"rendered":"<p><strong>LICENCE OBLIGATOIRE : 37,00 \u20ac<\/strong><\/p>\n<table border=\"0\">\n<caption>COTISATION A L\u2019ANN\u00c9E<\/caption>\n<tbody>\n<tr>\n<td>ENFANTS de 5 \u00e0 7 ans<\/td>\n<td>155,00 \u20ac<\/td>\n<\/tr>\n<tr>\n<td>ENFANTS de 8 \u00e0 11 ans<\/td>\n<td>175,00 \u20ac<\/td>\n<\/tr>\n<tr>\n<td>ENFANTS de 12 \u00e0 15 ans<\/td>\n<td>215,00 \u20ac<\/td>\n<\/tr>\n<tr>\n<td>ADOLESCENTS et ADULTES<\/td>\n<td>235,00 \u20ac<\/td>\n<\/tr>\n<tr>\n<td><\/td>\n<td><\/td>\n<\/tr>\n<\/tbody>\n<\/table>\n<p><strong><em>Possibilit\u00e9 d\u2019encaissements diff\u00e9r\u00e9s<br \/>\nPossibilit\u00e9 de payer en plusieurs fois par Carte Bleu, Ch\u00e8ques Vacances, esp\u00e8ces.<br \/>\nNous prenons \u00e9galement les Pass&rsquo;Sport.<br \/>\n<\/em><\/strong><\/p>\n","protected":false},"excerpt":{"rendered":"<p>LICENCE OBLIGATOIRE : 37,00 \u20ac COTISATION A L\u2019ANN\u00c9E ENFANTS de 5 \u00e0 7 ans 155,00 \u20ac ENFANTS de 8 \u00e0 11 ans 175,00 \u20ac ENFANTS de 12 \u00e0 15 ans 215,00 \u20ac ADOLESCENTS et ADULTES 235,00 \u20ac Possibilit\u00e9 d\u2019encaissements diff\u00e9r\u00e9s Possibilit\u00e9 de payer en plusieurs fois par Carte Bleu, Ch\u00e8ques Vacances, esp\u00e8ces. Nous prenons \u00e9galement <\/p>\n","protected":false},"author":1,"featured_media":0,"parent":628,"menu_order":0,"comment_status":"open","ping_status":"closed","template":"","meta":{"footnotes":""},"class_list":["post-660","page","type-page","status-publish","hentry"],"_links":{"self":[{"href":"https:\/\/www.karate-shukokai.fr\/site\/index.php?rest_route=\/wp\/v2\/pages\/660","targetHints":{"allow":["GET"]}}],"collection":[{"href":"https:\/\/www.karate-shukokai.fr\/site\/index.php?rest_route=\/wp\/v2\/pages"}],"about":[{"href":"https:\/\/www.karate-shukokai.fr\/site\/index.php?rest_route=\/wp\/v2\/types\/page"}],"author":[{"embeddable":true,"href":"https:\/\/www.karate-shukokai.fr\/site\/index.php?rest_route=\/wp\/v2\/users\/1"}],"replies":[{"embeddable":true,"href":"https:\/\/www.karate-shukokai.fr\/site\/index.php?rest_route=%2Fwp%2Fv2%2Fcomments&post=660"}],"version-history":[{"count":19,"href":"https:\/\/www.karate-shukokai.fr\/site\/index.php?rest_route=\/wp\/v2\/pages\/660\/revisions"}],"predecessor-version":[{"id":2077,"href":"https:\/\/www.karate-shukokai.fr\/site\/index.php?rest_route=\/wp\/v2\/pages\/660\/revisions\/2077"}],"up":[{"embeddable":true,"href":"https:\/\/www.karate-shukokai.fr\/site\/index.php?rest_route=\/wp\/v2\/pages\/628"}],"wp:attachment":[{"href":"https:\/\/www.karate-shukokai.fr\/site\/index.php?rest_route=%2Fwp%2Fv2%2Fmedia&parent=660"}],"curies":[{"name":"wp","href":"https:\/\/api.w.org\/{rel}","templated":true}]}}