{"id":656,"date":"2012-09-05T14:07:59","date_gmt":"2012-09-05T13:07:59","guid":{"rendered":"http:\/\/www.karate-shukokai.fr\/site\/?page_id=656"},"modified":"2013-09-13T09:26:44","modified_gmt":"2013-09-13T07:26:44","slug":"reglement-interieur-club-coulommiers","status":"publish","type":"page","link":"https:\/\/www.karate-shukokai.fr\/site\/?page_id=656","title":{"rendered":"R\u00e8glement int\u00e9rieur Club Coulommiers"},"content":{"rendered":"<p>Pour le bien \u00eatre et la s\u00e9curit\u00e9 de tous, voici quelques petits conseils que nous vous demandons d\u2019avoir la gentillesse de respecter\u00a0:<\/p>\n<h4>INSCRIPTION<\/h4>\n<p>Pour adh\u00e9rer, le postulant devra fourni\u00a0:<\/p>\n<p>&#8211;\u00a0un certificat m\u00e9dical attestant que son \u00e9tat de sant\u00e9 est compatible avec la pratique du Karat\u00e9,<\/p>\n<p>&#8211; deux photographies d\u2019identit\u00e9,<\/p>\n<p>&#8211;\u00a0\u00a0s\u2019acquitter du r\u00e8glement des cotisations ainsi que du montant de la licence.<\/p>\n<p>Le montant des cotisations est fix\u00e9 en assembl\u00e9e g\u00e9n\u00e9rale.<\/p>\n<p>Une minoration, dont les conditions sont fix\u00e9es en assembl\u00e9e g\u00e9n\u00e9rale, sera accord\u00e9e aux membres d\u2019une m\u00eame famille.<\/p>\n<p>Le montant de la licence est fix\u00e9 par la F\u00e9d\u00e9ration (FFKDA), elle ne peut \u00eatre minor\u00e9e.<\/p>\n<p>Il est possible de fractionner sur plusieurs mois le r\u00e8glement des cotisations (licences et cours).<\/p>\n<h4>HORAIRES<\/h4>\n<p>Nous vous rappelons que les enfants restent sous la responsabilit\u00e9 de leurs parents tant qu\u2019ils n\u2019ont pas franchi le seuil de la salle d\u2019entra\u00eenement.<\/p>\n<p>Le club ne peut en aucun cas \u00eatre tenu responsable des \u00e9ventuels accidents qui pourraient survenir \u00e0 l\u2019ext\u00e9rieur des locaux.<\/p>\n<p>Nous vous serions reconnaissants de bien vouloir respecter les horaires des cours, afin de ne pas perturber les autres \u00e9l\u00e8ves. En cas de retard, nous vous demandons de bien vouloir rester sur le c\u00f4t\u00e9, et d\u2019attendre l\u2019autorisation du professeur pour p\u00e9n\u00e9trer sur le tatami.<\/p>\n<p>Les parents et membres de la famille du licenci\u00e9 peuvent assister au cours en prenant place sur les bancs du dojo. Il leur est demand\u00e9 d\u2019\u00eatre silencieux et d\u2019\u00e9teindre leur t\u00e9l\u00e9phone portable pour ne pas perturber le d\u00e9roulement des cours.<\/p>\n<h4>TENUE<\/h4>\n<p>Pour des raisons d\u2019hygi\u00e8ne, nous vous demandons de pr\u00e9voir des claquettes ou chaussons pour vous d\u00e9placer des vestiaires au tatami. Les personnes se pr\u00e9sentant pieds nus pourront se voir refuser l\u2019acc\u00e8s au tatami.<\/p>\n<p>Nous vous rappelons qu\u2019il est interdit de monter sur le tatami avec les chaussures servant \u00e0 vos d\u00e9placements ext\u00e9rieurs.<\/p>\n<p>Le kimono est obligatoire. Pour les d\u00e9butants, une tenue de sport est tol\u00e9r\u00e9e pour les 3 s\u00e9ances cons\u00e9cutives d\u2019essai. Le nouvel adh\u00e9rent devra ensuite se procurer un kimono sous 15 jours.<\/p>\n<p>Pour les cours de combat, les protections individuelles sont obligatoires sous peine de ne pas pouvoir participer \u00e0 certaines activit\u00e9s. Celles-ci comprennent les gants, le prot\u00e8ge-dents, la coquille et le plastron pour les filles.<\/p>\n<p>Pour les comp\u00e9titeurs, en plus des protections ci-dessus, il est demand\u00e9 de poss\u00e9der une ceinture bleue, une ceinture rouge ainsi que les protections de pieds.<\/p>\n<p>Les professeurs pourront refuser l\u2019acc\u00e8s au cours \u00e0 tout pratiquant dont la tenue ne sera ni conforme, ni d\u00e9cente.<\/p>\n<p>Le club d\u00e9cline toute responsabilit\u00e9 en cas de vol ou de perte dans les locaux.<\/p>\n<h4>REMBOURSEMENT DES COURS<\/h4>\n<p>Le remboursement des cours pourra intervenir\u00a0:<\/p>\n<p>&#8211; \u00a0En cas d\u2019arr\u00eat d\u00fb \u00e0 un d\u00e9m\u00e9nagement,<\/p>\n<p>&#8211; \u00a0En cas d\u2019arr\u00eat d\u00e9finitif suite \u00e0 une prescription m\u00e9dicale dont une copie devra \u00eatre fournie.<\/p>\n<p>Il se fera au prorata des cours non effectu\u00e9s.<\/p>\n<h4>REMBOURSEMENT DES FRAIS<\/h4>\n<p>Les frais de d\u00e9placement, de restauration et d\u2019h\u00e9bergement peuvent faire l\u2019objet de remboursement ou d\u2019indemnisation en cas de participation \u00e0 une comp\u00e9tition ou une activit\u00e9 \u00e0 laquelle est associ\u00e9 le club.<\/p>\n<p>Le taux des remboursements ainsi que les modalit\u00e9s de mise en \u0153uvre sont d\u00e9termin\u00e9s par le comit\u00e9 directeur.<\/p>\n<h4>DEPLACEMENTS DES MINEURS<\/h4>\n<p>L\u2019accompagnement des comp\u00e9titeurs mineurs par les parents doit \u00eatre privil\u00e9gi\u00e9. Cependant, en cas d\u2019emp\u00eachement de ceux-ci, les mineurs pourront \u00eatre conduits sur les lieux de la manifestation par un membre de l\u2019association sous r\u00e9serve d\u2019une autorisation parentale \u00e9crite.<\/p>\n<h4>DISCIPLINE<\/h4>\n<p>NOUS VOUS RAPPELONS QUE LE KARATE EST UN SPORT IMPLIQUANT DE LA DISCIPLINE ET LE RESPECT D\u2019AUTRUI.<\/p>\n<p>Les professeurs repr\u00e9sentent l\u2019autorit\u00e9 dans le dojo et sur le tatami. Ils poss\u00e8dent le droit d\u2019exclure du dojo toute personne, pratiquant ou spectateur qui ne se conformerait pas au pr\u00e9sent r\u00e8glement ou qui perturberait de quelque nature que ce soit le d\u00e9roulement des cours.<\/p>\n<p>Le mat\u00e9riel dont dispose le club est \u00e0 la disposition des professeurs. Les pratiquants l\u2019utilisent sous la responsabilit\u00e9 de ces derniers et sont tenus de le respecter en l\u2019utilisant conform\u00e9ment \u00e0 sa destination.<\/p>\n<p>Toute d\u00e9gradation (volontaire ou cons\u00e9cutive \u00e0 une utilisation non conforme) pourra faire l\u2019objet de r\u00e9paration de la part de l\u2019utilisateur.<\/p>\n<h4>PROCEDURE DISCIPLINAIRE<\/h4>\n<p>Les sanctions disciplinaires applicables aux membres de l\u2019association ne peuvent se cumuler entre elles et doivent \u00eatre choisies parmi les mesures ci-apr\u00e8s\u00a0:<\/p>\n<ol>\n<li>Avertissement<\/li>\n<li>Bl\u00e2me<\/li>\n<li>Suspension<\/li>\n<li>Radiation<\/li>\n<\/ol>\n<p>Les sanctions sont prononc\u00e9es par le comit\u00e9 directeur.<\/p>\n<p>Les membres du comit\u00e9 directeur ne peuvent prendre part aux d\u00e9lib\u00e9rations lorsqu\u2019ils ont un int\u00e9r\u00eat direct ou indirect \u00e0 l\u2019affaire.<\/p>\n<p>L\u2019int\u00e9ress\u00e9 est avis\u00e9 par lettre recommand\u00e9e avec demande d\u2019avis de r\u00e9ception, 15 jours au moins avant la date de la s\u00e9ance du comit\u00e9 directeur o\u00f9 son cas sera examin\u00e9. Il est avis\u00e9\u00a0:<\/p>\n<p>&#8211; des faits qui lui sont reproch\u00e9s,<\/p>\n<p>&#8211; qu\u2019il est convoqu\u00e9 \u00e0 cette s\u00e9ance (date, heure et lieux),<\/p>\n<p>&#8211; qu\u2019il peut pr\u00e9senter des observations \u00e9crites et orales,<\/p>\n<p>&#8211; qu\u2019il peut se faire assister ou repr\u00e9senter par toute personne de son choix,<\/p>\n<p>&#8211; qu\u2019il peut consulter l\u2019ensemble des pi\u00e8ces du dossier.<\/p>\n<p>Lors de la s\u00e9ance disciplinaire, un membre du comit\u00e9 directeur pr\u00e9sente les faits incrimin\u00e9s, l\u2019int\u00e9ress\u00e9 ou son repr\u00e9sentant pr\u00e9sentant ensuite sa d\u00e9fense.<\/p>\n<p>Le membre du comit\u00e9 directeur d\u00e9sign\u00e9 comme pr\u00e9sident de s\u00e9ance peut faire entendre, notamment sur demande de l\u2019int\u00e9ress\u00e9 ou des membres du comit\u00e9 directeur pr\u00e9sents, toute personne dont l\u2019audition lui parait utile.<\/p>\n<p>Dans tous les cas, l\u2019int\u00e9ress\u00e9 ou son repr\u00e9sentant doivent prendre la parole en dernier.<\/p>\n<p>Apr\u00e8s d\u00e9lib\u00e9ration le comit\u00e9 directeur rendra sa d\u00e9cision. Elle est sign\u00e9e par le pr\u00e9sident et le secr\u00e9taire de l\u2019association et notifi\u00e9e, dans les 6 jours suivant la date de la s\u00e9ance disciplinaire, \u00e0 l\u2019int\u00e9ress\u00e9 par lettre recommand\u00e9e avec accus\u00e9 de r\u00e9ception.<\/p>\n<p>La d\u00e9cision disciplinaire peut faire l\u2019objet d\u2019un appel dans les 15 jours de sa notification devant l\u2019assembl\u00e9e g\u00e9n\u00e9rale de l\u2019association r\u00e9unie en session extraordinaire, qui statue dans les plus brefs d\u00e9lais selon les modalit\u00e9s propre \u00e0 cette assembl\u00e9e (majorit\u00e9 absolue).<\/p>\n<p>L\u2019appel est adress\u00e9 au pr\u00e9sident de l\u2019association par lettre recommand\u00e9e avec accus\u00e9 de r\u00e9ception.<\/p>\n<p>Le pr\u00e9sent r\u00e8glement int\u00e9rieur a \u00e9t\u00e9 adopt\u00e9 \u00e0 Coulommiers, en assembl\u00e9e g\u00e9n\u00e9rale, le 15 novembre 2012.<\/p>\n","protected":false},"excerpt":{"rendered":"<p>Pour le bien \u00eatre et la s\u00e9curit\u00e9 de tous, voici quelques petits conseils que nous vous demandons d\u2019avoir la gentillesse de respecter\u00a0: INSCRIPTION Pour adh\u00e9rer, le postulant devra fourni\u00a0: &#8211;\u00a0un certificat m\u00e9dical attestant que son \u00e9tat de sant\u00e9 est compatible avec la pratique du Karat\u00e9, &#8211; deux photographies d\u2019identit\u00e9, &#8211;\u00a0\u00a0s\u2019acquitter du r\u00e8glement des cotisations ainsi <\/p>\n","protected":false},"author":1,"featured_media":0,"parent":628,"menu_order":0,"comment_status":"open","ping_status":"open","template":"","meta":{"footnotes":""},"class_list":["post-656","page","type-page","status-publish","hentry"],"_links":{"self":[{"href":"https:\/\/www.karate-shukokai.fr\/site\/index.php?rest_route=\/wp\/v2\/pages\/656","targetHints":{"allow":["GET"]}}],"collection":[{"href":"https:\/\/www.karate-shukokai.fr\/site\/index.php?rest_route=\/wp\/v2\/pages"}],"about":[{"href":"https:\/\/www.karate-shukokai.fr\/site\/index.php?rest_route=\/wp\/v2\/types\/page"}],"author":[{"embeddable":true,"href":"https:\/\/www.karate-shukokai.fr\/site\/index.php?rest_route=\/wp\/v2\/users\/1"}],"replies":[{"embeddable":true,"href":"https:\/\/www.karate-shukokai.fr\/site\/index.php?rest_route=%2Fwp%2Fv2%2Fcomments&post=656"}],"version-history":[{"count":7,"href":"https:\/\/www.karate-shukokai.fr\/site\/index.php?rest_route=\/wp\/v2\/pages\/656\/revisions"}],"predecessor-version":[{"id":1100,"href":"https:\/\/www.karate-shukokai.fr\/site\/index.php?rest_route=\/wp\/v2\/pages\/656\/revisions\/1100"}],"up":[{"embeddable":true,"href":"https:\/\/www.karate-shukokai.fr\/site\/index.php?rest_route=\/wp\/v2\/pages\/628"}],"wp:attachment":[{"href":"https:\/\/www.karate-shukokai.fr\/site\/index.php?rest_route=%2Fwp%2Fv2%2Fmedia&parent=656"}],"curies":[{"name":"wp","href":"https:\/\/api.w.org\/{rel}","templated":true}]}}