{"id":654,"date":"2012-09-05T14:07:26","date_gmt":"2012-09-05T12:07:26","guid":{"rendered":"http:\/\/www.karate-shukokai.fr\/site\/?page_id=654"},"modified":"2024-12-04T14:15:21","modified_gmt":"2024-12-04T12:15:21","slug":"horaires-club-coulommiers","status":"publish","type":"page","link":"https:\/\/www.karate-shukokai.fr\/site\/?page_id=654","title":{"rendered":"Horaires Coulommiers"},"content":{"rendered":"<h4><strong>MARDI (Hiroshi\/Pascal)<\/strong><\/h4>\n<p>18h00 \u00e0 19h00\u00a0 Enfants de 5 \u00e0 7 ans<br \/>\n19h00 \u00e020h00 Enfants de 8 \u00e0 12 ans<br \/>\n20h00 \u00e0 21h30\u00a0\u00a0Adolescents\/Adultes Cours Kata<\/p>\n<h4><strong>JEUDI (Luis)<\/strong><\/h4>\n<p>19h00 \u00e0 20h00\u00a0\u00a0Enfants d\u00e9butants \u00e0 partir de 8 ans<br \/>\n20h00 \u00e0 21h\u00a0 Adolescents et adultes<\/p>\n<h4><strong>SAMEDI (Pascal)<\/strong><\/h4>\n<p>14h00 \u00e0 15h00\u00a0\u00a0Enfants de 5 \u00e0 7 ans<br \/>\n15h00 \u00e0 16h00\u00a0\u00a0Enfants de 8 \u00e0 12 ans<br \/>\n16h00 \u00e0 17h30 \u00a0Adolescents\/Adultes<\/p>\n","protected":false},"excerpt":{"rendered":"<p>MARDI (Hiroshi\/Pascal) 18h00 \u00e0 19h00\u00a0 Enfants de 5 \u00e0 7 ans 19h00 \u00e020h00 Enfants de 8 \u00e0 12 ans 20h00 \u00e0 21h30\u00a0\u00a0Adolescents\/Adultes Cours Kata JEUDI (Luis) 19h00 \u00e0 20h00\u00a0\u00a0Enfants d\u00e9butants \u00e0 partir de 8 ans 20h00 \u00e0 21h\u00a0 Adolescents et adultes SAMEDI (Pascal) 14h00 \u00e0 15h00\u00a0\u00a0Enfants de 5 \u00e0 7 ans 15h00 \u00e0 16h00\u00a0\u00a0Enfants de <\/p>\n","protected":false},"author":1,"featured_media":0,"parent":628,"menu_order":0,"comment_status":"open","ping_status":"closed","template":"","meta":{"footnotes":""},"class_list":["post-654","page","type-page","status-publish","hentry"],"_links":{"self":[{"href":"https:\/\/www.karate-shukokai.fr\/site\/index.php?rest_route=\/wp\/v2\/pages\/654","targetHints":{"allow":["GET"]}}],"collection":[{"href":"https:\/\/www.karate-shukokai.fr\/site\/index.php?rest_route=\/wp\/v2\/pages"}],"about":[{"href":"https:\/\/www.karate-shukokai.fr\/site\/index.php?rest_route=\/wp\/v2\/types\/page"}],"author":[{"embeddable":true,"href":"https:\/\/www.karate-shukokai.fr\/site\/index.php?rest_route=\/wp\/v2\/users\/1"}],"replies":[{"embeddable":true,"href":"https:\/\/www.karate-shukokai.fr\/site\/index.php?rest_route=%2Fwp%2Fv2%2Fcomments&post=654"}],"version-history":[{"count":20,"href":"https:\/\/www.karate-shukokai.fr\/site\/index.php?rest_route=\/wp\/v2\/pages\/654\/revisions"}],"predecessor-version":[{"id":2078,"href":"https:\/\/www.karate-shukokai.fr\/site\/index.php?rest_route=\/wp\/v2\/pages\/654\/revisions\/2078"}],"up":[{"embeddable":true,"href":"https:\/\/www.karate-shukokai.fr\/site\/index.php?rest_route=\/wp\/v2\/pages\/628"}],"wp:attachment":[{"href":"https:\/\/www.karate-shukokai.fr\/site\/index.php?rest_route=%2Fwp%2Fv2%2Fmedia&parent=654"}],"curies":[{"name":"wp","href":"https:\/\/api.w.org\/{rel}","templated":true}]}}