{"id":54,"date":"2012-07-24T21:50:30","date_gmt":"2012-07-24T20:50:30","guid":{"rendered":"http:\/\/www.karate-shukokai.fr\/site\/?page_id=54"},"modified":"2016-08-31T22:46:55","modified_gmt":"2016-08-31T20:46:55","slug":"index","status":"publish","type":"page","link":"https:\/\/www.karate-shukokai.fr\/site\/?page_id=54","title":{"rendered":"Index des techniques"},"content":{"rendered":"<div id=\"laphoto-container\"><img loading=\"lazy\" decoding=\"async\" title=\"YOKO GERI KEKOMI\" src=\"http:\/\/f4.img.v4.skyrock.net\/5268\/20545268\/pics\/593337372.jpg\" alt=\"\" width=\"348\" height=\"488\" \/><\/div>\n<div><\/div>\n<div><a href=\"http:\/\/heiku.skyrock.com\/593337372-ATTAQUES-DE-PIEDS-GERI-WASA.html\">ATTAQUES DE PIEDS: GERI WASA<\/a><\/div>\n<div><\/div>\n<div>LISTE NON EXHAUSTIVE<\/div>\n<div><\/div>\n<div>&#8211; <strong>MAE GERI :\u00a0 \u00a0\u00a0\u00a0\u00a0\u00a0\u00a0\u00a0\u00a0\u00a0\u00a0\u00a0\u00a0 Coup de pied de face<br \/>\n&#8211; <\/strong><strong>MAWASHI GERI : \u00a0\u00a0\u00a0\u00a0\u00a0\u00a0\u00a0\u00a0\u00a0\u00a0\u00a0\u00a0 Coup de pied circulaire ( fouett\u00e9 )<br \/>\n&#8211; <\/strong><strong>YOKO GERI KEKOMI : \u00a0\u00a0\u00a0\u00a0\u00a0\u00a0\u00a0\u00a0\u00a0\u00a0\u00a0\u00a0 Coup de pied lat\u00e9ral d\u00e9fon\u00e7ant ( chass\u00e9 )<br \/>\n&#8211; <\/strong><strong>YOKO GERI KEAGE : \u00a0\u00a0\u00a0\u00a0\u00a0\u00a0\u00a0\u00a0\u00a0\u00a0\u00a0\u00a0 Coup de pied lat\u00e9ral remontant<br \/>\n&#8211; <\/strong><strong>SOKUTO GERI : \u00a0\u00a0\u00a0\u00a0\u00a0\u00a0\u00a0\u00a0\u00a0\u00a0\u00a0\u00a0 Coup de pied lat\u00e9ral avec le tranchant<br \/>\n&#8211; <\/strong><strong>URA MAWASHI GERI : \u00a0\u00a0\u00a0\u00a0\u00a0\u00a0\u00a0\u00a0\u00a0\u00a0\u00a0\u00a0 Coup de pied en revers tournant<br \/>\n&#8211; <\/strong><strong>MIKAZUKI GERI : \u00a0\u00a0\u00a0\u00a0\u00a0\u00a0\u00a0\u00a0\u00a0\u00a0\u00a0\u00a0 Coup de pied en croissant<br \/>\n&#8211; <\/strong><strong>URA MIKAZUKI : \u00a0\u00a0\u00a0\u00a0\u00a0\u00a0\u00a0\u00a0\u00a0\u00a0\u00a0\u00a0 Coup de pied en croissant inverse<br \/>\n&#8211; <\/strong><strong>KAKATO GERI : \u00a0\u00a0\u00a0\u00a0\u00a0\u00a0\u00a0\u00a0\u00a0\u00a0\u00a0\u00a0 Coup de talon de haut en bas<br \/>\n&#8211; <\/strong><strong>USHIRO GERI : \u00a0\u00a0\u00a0\u00a0\u00a0\u00a0\u00a0\u00a0\u00a0\u00a0\u00a0\u00a0 Coup de pied vers l&rsquo;arri\u00e8re<br \/>\n&#8211; <\/strong><strong>USHIRO MAWASHI GERI : \u00a0\u00a0\u00a0\u00a0\u00a0\u00a0\u00a0\u00a0\u00a0\u00a0\u00a0\u00a0 Coup de pied en revers tournant<br \/>\n&#8211; <\/strong><strong>TOBI GERI : \u00a0\u00a0\u00a0\u00a0\u00a0\u00a0\u00a0\u00a0\u00a0\u00a0\u00a0\u00a0 Coup de pied saut\u00e9<br \/>\n&#8211; <\/strong><strong>FUMIKOMI : \u00a0\u00a0\u00a0\u00a0\u00a0\u00a0\u00a0\u00a0\u00a0\u00a0\u00a0\u00a0 Coup \u00e9crasant<\/strong><\/div>\n<div><strong><\/strong><strong>\u00a0<\/strong><\/div>\n<div><a href=\"http:\/\/heiku.skyrock.com\/594543182-ATTAQUES-DIRECTES-DE-POINGS-tsuki-wasa.html\">ATTAQUES DIRECTES DE POINGS : tsuki wasa<\/a><\/div>\n<div><\/div>\n<div>&#8211; <strong>CHOKU ZUKI: Coup de poing fondamental<br \/>\n&#8211; <\/strong><strong>GYAKU ZUKI: Coup de poing avec le bras inverse \u00e0 la jambe avanc\u00e9e<br \/>\n&#8211;\u00a0\u00a0 <\/strong><strong>O\u00cf ZUKI\u00a0\u00a0\u00a0 : Coup de poing en poursuite avec un pas<br \/>\n&#8211; <\/strong><strong>MAEKEN ZUKI: Coup de poing avec le poing en avant<br \/>\n&#8211; <\/strong><strong>KIZAMI ZUKI: Coup de poing avec le poing avant en effa\u00e7ant le buste<br \/>\n&#8211; <\/strong><strong>NAGASHI ZUKI: Coup de poing avec le poing avant en esquivant<br \/>\n&#8211; <\/strong><strong>TATE ZUKI :Coup de poing avec le poing verticale<br \/>\n&#8211; <\/strong><strong>URA ZUKI :Coup de poing, paume tourn\u00e9e vers le haut<br \/>\n&#8211; <\/strong><strong>KAGI ZUKI : Coup de poing en crochet<br \/>\n&#8211; <\/strong><strong>MAWASHI ZUKI : Coup de poing circulaire<br \/>\n&#8211; <\/strong><strong>YAMA ZUKI : Coup de poing double, jodan et gedan<br \/>\n&#8211; <\/strong><strong>MOROTE ZUKI : Coup de poing double au m\u00eame niveau<\/strong><\/div>\n<div><strong><\/strong><strong><\/strong><strong><\/strong><strong><\/strong><strong><\/strong><strong><\/strong><strong><\/strong><strong><\/strong><strong><\/strong><strong><\/strong><strong><\/strong><strong>&#8211; <\/strong><strong>AGE ZUKI : Coup de poing remontant<\/strong><\/div>\n<div><strong><\/strong><strong><\/strong><strong><\/strong><strong><\/strong><strong><\/strong><strong><\/strong><strong><\/strong><strong><\/strong><strong><\/strong><strong><\/strong><strong><\/strong><strong>\u00a0&#8211; <\/strong><strong>NUKITE :Attaque directe en pique main ouverte<br \/>\n<\/strong><\/div>\n<div><\/div>\n<div><a href=\"http:\/\/heiku.skyrock.com\/596300465-POSITION-Dachi.html\">POSITIONS : Dachi<\/a><\/div>\n<div><\/div>\n<div><strong>HEISOKU DACHI : Debout les pieds l&rsquo;un contre l&rsquo;autre<br \/>\nMUSUBI DACHI : Debout, talons joints, pointes des pieds \u00e9cart\u00e9es<br \/>\nHEIKO DACHI : Debout pieds \u00e9cart\u00e9s et parall\u00e9les<br \/>\nHACHIJI DACHI :Debout, pieds point\u00e9s vers l&rsquo;exterieur \u00e9cart\u00e9s de la largeur de ses hanches<br \/>\nUCHI HACHIJI DACHI : Pieds point\u00e9s vers l&rsquo;int\u00e9rieur<br \/>\nZENKUTSU DACHI : Fente avant &#8211; jambe avant fl\u00e9chie ,jambe arri\u00e8re tendue<br \/>\nFUDO DACHI : Position \u00e9quilibr\u00e9e de combat (entre Zenkutsu et Kokutsu )<br \/>\nKOKUTSU DACHI : Fente arri\u00e8re 70% du corps sur la jambe arri\u00e8re<br \/>\nSHIKO DACHI : Position du sumotori<br \/>\nNEKO ASHI DACHI : Position du chat<br \/>\nKOSA ou KAKE DACHI : Position pieds crois\u00e9s<br \/>\nMOTO DACHI : Position fondamentale ( petit Zenkutsu )<br \/>\nSANCHIN DACHI : Position dit du \u00ab\u00a0sablier\u00a0\u00bb<br \/>\nSEISHAN DACHI : Position du sablieer \u00e9largie<br \/>\nSAGI ASHI DACHI : Debout sur une jambe<\/strong><\/div>\n<div><\/div>\n<div><strong><a href=\"http:\/\/heiku.skyrock.com\/596891623-DEPLACEMENTS-Unsoku.html\">DEPLACEMENTS : Unsoku<\/a><\/strong><\/div>\n<div><\/div>\n<div><strong><\/strong><strong>&#8211; AYUMI ASCHI : Avancer d&rsquo;un pas<br \/>\n&#8211; HIKI ASHI : Reculer d&rsquo;un pas<br \/>\n&#8211; YORI ASHI : Pas gliss\u00e9<br \/>\n&#8211; TSUGI ASHI :Pas chass\u00e9<br \/>\n&#8211; OKURI ASHI : Double pas<br \/>\n&#8211; MAWARI ASHI : D\u00e9placement tourant autour du pied avant<br \/>\n&#8211; USHIRO ASHI MAWARI : D\u00e9placement tournant autour du pied arri\u00e8re<\/strong><\/div>\n<div><\/div>\n<div><a href=\"http:\/\/heiku.skyrock.com\/598458493-TECHNIQUES-DE-DEFENSE-Uke-wasa.html\">TECHNIQUES DE DEFENSE : Uke wasa<\/a><\/div>\n<div><\/div>\n<div><strong>&#8211; GEDAN BARAI :D\u00e9fense basse, mouvement de balayage avec les bras<\/strong><\/div>\n<div><strong>\u00a0&#8211; AGE UKE :D\u00e9fense haute, mouvement remontant avec le bras<\/strong><\/div>\n<div><strong>\u00a0&#8211; YOKO UCHI : D\u00e9fense avec le bras, mouvement de l&rsquo;exterieur vers l&rsquo;int\u00e9rieur<\/strong><\/div>\n<div><strong>\u00a0&#8211; YOKO UKE : D\u00e9fense avec le bras, mouvement de l&rsquo;int\u00e9rieur vers l&rsquo;ext\u00e9rieur <\/strong><\/div>\n<div><strong>&#8211; SHUTO UKE : D\u00e9fense avec le tranchant de la main<\/strong><\/div>\n<div><strong>\u00a0&#8211; OSAE UKE : D\u00e9fense par pression ou immobilisation avec la main<\/strong><\/div>\n<div><strong>\u00a0&#8211; HAISHU UKE : D\u00e9fense avec le dos de la main <\/strong><\/div>\n<div><strong>&#8211; TEISHO UKE : D\u00e9fense avec la paume <\/strong><\/div>\n<div><strong>&#8211; JUJI ou KOSA UKE : D\u00e9fense double avec les deux bras croiss\u00e9s<br \/>\n&#8211; KAKIWAKE UKE : D\u00e9fense double en \u00e9cartant<br \/>\n&#8211; MOROTE UKE : D\u00e9fense double, bras arri\u00e8re en protection<br \/>\n&#8211; HEIKO UKE : D\u00e9fense double avec les deux bras parall\u00e8les<br \/>\n&#8211; SUKUI UKE : D\u00e9fense en puisant<br \/>\n&#8211; NAGASHI UKE : D\u00e9fense bross\u00e9e en acompagnant l&rsquo;attaque avec la main ou le bras<br \/>\n&#8211; OTOSHI UKE : D\u00e9fense en frappant avec l&rsquo;avant bras vers le bas<br \/>\n&#8211; KOKEN UKE : D\u00e9fense avec le poignet<\/strong><\/div>\n<div><\/div>\n<div><a href=\"http:\/\/heiku.skyrock.com\/598463720-TECHNIQUES-DE-PERCUSSION-Uchi-wasa.html\">TECHNIQUES DE PERCUSSION :Uchi wasa<\/a><\/div>\n<div><\/div>\n<div><strong>&#8211; URAKEN UCHI : Attaque circulaire avec le dos du poing<br \/>\n&#8211; SHUTO UCHI : Attaques circulaire avec le tranchant de la main<br \/>\n&#8211; TETSUI UCHI : Attaque circulaire avec la main en marteau,<br \/>\n&#8211; HIJI UCHI : Attaque avec le coude<br \/>\n&#8211; HA\u00cfTO UCHI : Attaques avec le tranchant interne de la main ( c\u00f4t\u00e9 pouce )<br \/>\n&#8211; TEISHO UKE : Attaque avec la paume<br \/>\n&#8211; KOKEN UCHI : Attaque avec le dessus du poignet<br \/>\n&#8211; HA\u00cfSHU UCHI : Attaque avec le dos de la main<\/strong><\/div>\n","protected":false},"excerpt":{"rendered":"<p>ATTAQUES DE PIEDS: GERI WASA LISTE NON EXHAUSTIVE &#8211; MAE GERI :\u00a0 \u00a0\u00a0\u00a0\u00a0\u00a0\u00a0\u00a0\u00a0\u00a0\u00a0\u00a0\u00a0 Coup de pied de face &#8211; MAWASHI GERI : \u00a0\u00a0\u00a0\u00a0\u00a0\u00a0\u00a0\u00a0\u00a0\u00a0\u00a0\u00a0 Coup de pied circulaire ( fouett\u00e9 ) &#8211; YOKO GERI KEKOMI : \u00a0\u00a0\u00a0\u00a0\u00a0\u00a0\u00a0\u00a0\u00a0\u00a0\u00a0\u00a0 Coup de pied lat\u00e9ral d\u00e9fon\u00e7ant ( chass\u00e9 ) &#8211; YOKO GERI KEAGE : \u00a0\u00a0\u00a0\u00a0\u00a0\u00a0\u00a0\u00a0\u00a0\u00a0\u00a0\u00a0 Coup de pied lat\u00e9ral remontant <\/p>\n","protected":false},"author":1,"featured_media":0,"parent":31,"menu_order":0,"comment_status":"open","ping_status":"open","template":"","meta":{"footnotes":""},"class_list":["post-54","page","type-page","status-publish","hentry"],"_links":{"self":[{"href":"https:\/\/www.karate-shukokai.fr\/site\/index.php?rest_route=\/wp\/v2\/pages\/54","targetHints":{"allow":["GET"]}}],"collection":[{"href":"https:\/\/www.karate-shukokai.fr\/site\/index.php?rest_route=\/wp\/v2\/pages"}],"about":[{"href":"https:\/\/www.karate-shukokai.fr\/site\/index.php?rest_route=\/wp\/v2\/types\/page"}],"author":[{"embeddable":true,"href":"https:\/\/www.karate-shukokai.fr\/site\/index.php?rest_route=\/wp\/v2\/users\/1"}],"replies":[{"embeddable":true,"href":"https:\/\/www.karate-shukokai.fr\/site\/index.php?rest_route=%2Fwp%2Fv2%2Fcomments&post=54"}],"version-history":[{"count":22,"href":"https:\/\/www.karate-shukokai.fr\/site\/index.php?rest_route=\/wp\/v2\/pages\/54\/revisions"}],"predecessor-version":[{"id":1663,"href":"https:\/\/www.karate-shukokai.fr\/site\/index.php?rest_route=\/wp\/v2\/pages\/54\/revisions\/1663"}],"up":[{"embeddable":true,"href":"https:\/\/www.karate-shukokai.fr\/site\/index.php?rest_route=\/wp\/v2\/pages\/31"}],"wp:attachment":[{"href":"https:\/\/www.karate-shukokai.fr\/site\/index.php?rest_route=%2Fwp%2Fv2%2Fmedia&parent=54"}],"curies":[{"name":"wp","href":"https:\/\/api.w.org\/{rel}","templated":true}]}}