{"id":35,"date":"2012-07-24T21:45:32","date_gmt":"2012-07-24T20:45:32","guid":{"rendered":"http:\/\/www.karate-shukokai.fr\/site\/?page_id=35"},"modified":"2018-03-08T15:39:15","modified_gmt":"2018-03-08T13:39:15","slug":"federation-francaise","status":"publish","type":"page","link":"https:\/\/www.karate-shukokai.fr\/site\/?page_id=35","title":{"rendered":"F\u00e9d\u00e9ration karat\u00e9"},"content":{"rendered":"<ol>\n<li><a href=\"https:\/\/www.karate-shukokai.fr\/site\/wp-content\/uploads\/2017\/09\/REGLEMENT-ARBITRAGE-2017-2018.pdf\">R\u00e8glement_Arbitrage &amp; Comp\u00e9tition_2017-2018<\/a><\/li>\n<li><a href=\"https:\/\/www.karate-shukokai.fr\/site\/wp-content\/uploads\/2014\/09\/rglt_karate_light_contact.pdf\">R\u00e8glement_karat\u00e9_light_contact<\/a><\/li>\n<li><a href=\"https:\/\/www.karate-shukokai.fr\/site\/wp-content\/uploads\/2014\/09\/rglt_karate_full_contact.pdf\">R\u00e8glement_karat\u00e9_full_contact<\/a><\/li>\n<li><a href=\"https:\/\/www.karate-shukokai.fr\/site\/wp-content\/uploads\/2014\/09\/rglt-arbitrage-karatecontact.pdf\">R\u00e8glement d&rsquo;arbitrage karat\u00e9 contact<\/a><\/li>\n<\/ol>\n","protected":false},"excerpt":{"rendered":"<p>R\u00e8glement_Arbitrage &amp; Comp\u00e9tition_2017-2018 R\u00e8glement_karat\u00e9_light_contact R\u00e8glement_karat\u00e9_full_contact R\u00e8glement d&rsquo;arbitrage karat\u00e9 contact<\/p>\n","protected":false},"author":1,"featured_media":0,"parent":31,"menu_order":0,"comment_status":"open","ping_status":"closed","template":"","meta":{"footnotes":""},"class_list":["post-35","page","type-page","status-publish","hentry"],"_links":{"self":[{"href":"https:\/\/www.karate-shukokai.fr\/site\/index.php?rest_route=\/wp\/v2\/pages\/35","targetHints":{"allow":["GET"]}}],"collection":[{"href":"https:\/\/www.karate-shukokai.fr\/site\/index.php?rest_route=\/wp\/v2\/pages"}],"about":[{"href":"https:\/\/www.karate-shukokai.fr\/site\/index.php?rest_route=\/wp\/v2\/types\/page"}],"author":[{"embeddable":true,"href":"https:\/\/www.karate-shukokai.fr\/site\/index.php?rest_route=\/wp\/v2\/users\/1"}],"replies":[{"embeddable":true,"href":"https:\/\/www.karate-shukokai.fr\/site\/index.php?rest_route=%2Fwp%2Fv2%2Fcomments&post=35"}],"version-history":[{"count":16,"href":"https:\/\/www.karate-shukokai.fr\/site\/index.php?rest_route=\/wp\/v2\/pages\/35\/revisions"}],"predecessor-version":[{"id":1800,"href":"https:\/\/www.karate-shukokai.fr\/site\/index.php?rest_route=\/wp\/v2\/pages\/35\/revisions\/1800"}],"up":[{"embeddable":true,"href":"https:\/\/www.karate-shukokai.fr\/site\/index.php?rest_route=\/wp\/v2\/pages\/31"}],"wp:attachment":[{"href":"https:\/\/www.karate-shukokai.fr\/site\/index.php?rest_route=%2Fwp%2Fv2%2Fmedia&parent=35"}],"curies":[{"name":"wp","href":"https:\/\/api.w.org\/{rel}","templated":true}]}}