{"id":27,"date":"2012-07-24T21:43:18","date_gmt":"2012-07-24T20:43:18","guid":{"rendered":"http:\/\/www.karate-shukokai.fr\/site\/?page_id=27"},"modified":"2022-09-26T17:52:32","modified_gmt":"2022-09-26T15:52:32","slug":"professeur-club-de-boissy","status":"publish","type":"page","link":"https:\/\/www.karate-shukokai.fr\/site\/?page_id=27","title":{"rendered":"Professeurs Karat\u00e9 Shukoka\u00ef BSL"},"content":{"rendered":"<h4>Pascal Sillard<\/h4>\n<p>5\u00e8me Dan FFKDA<br \/>\n5\u00e8me Dan\u00a0KOFUKAN International<\/p>\n<p>BEES 1er degr\u00e9 &amp; Dipl\u00f4me d\u2019\u00c9tat Jeunesse, \u00c9ducation Populaire et Sport<\/p>\n<p><span style=\"color: #993300;\">Professeur adultes\/ados\/enfants <span style=\"color: #000000;\">et<\/span>\u00a0Body Karat\u00e9<\/span><\/p>\n<h4>Virginie Sillard<\/h4>\n<p>2\u00e8me Dan<br \/>\nDipl\u00f4me d&rsquo;instructeur F\u00e9d\u00e9ral<br \/>\n<span style=\"color: #993300;\">Professeur Body Karat\u00e9<br \/>\nProfesseur Baby Karat\u00e9 (assist\u00e9e par Betty Fayos)<\/span><\/p>\n<p><span style=\"color: #993300;\">Assistant karat\u00e9<\/span><\/p>\n<h4>Herv\u00e9 Mouchet<\/h4>\n<p>1er Dan<br \/>\nDipl\u00f4me d&rsquo;instructeur F\u00e9d\u00e9ral<br \/>\n<span style=\"color: #993300;\">Assistant karat\u00e9<\/span><\/p>\n<h4>David BIDAUX<\/h4>\n<p>2\u00e8me Dan<br \/>\nDipl\u00f4me d&rsquo;instructeur F\u00e9d\u00e9ral<br \/>\n<span style=\"color: #993300;\">Assistant karat\u00e9<\/span><\/p>\n<h4><\/h4>\n","protected":false},"excerpt":{"rendered":"<p>Pascal Sillard 5\u00e8me Dan FFKDA 5\u00e8me Dan\u00a0KOFUKAN International BEES 1er degr\u00e9 &amp; Dipl\u00f4me d\u2019\u00c9tat Jeunesse, \u00c9ducation Populaire et Sport Professeur adultes\/ados\/enfants et\u00a0Body Karat\u00e9 Virginie Sillard 2\u00e8me Dan Dipl\u00f4me d&rsquo;instructeur F\u00e9d\u00e9ral Professeur Body Karat\u00e9 Professeur Baby Karat\u00e9 (assist\u00e9e par Betty Fayos) Assistant karat\u00e9 Herv\u00e9 Mouchet 1er Dan Dipl\u00f4me d&rsquo;instructeur F\u00e9d\u00e9ral Assistant karat\u00e9 David BIDAUX 2\u00e8me Dan <\/p>\n","protected":false},"author":1,"featured_media":0,"parent":7,"menu_order":0,"comment_status":"open","ping_status":"open","template":"","meta":{"footnotes":""},"class_list":["post-27","page","type-page","status-publish","hentry"],"_links":{"self":[{"href":"https:\/\/www.karate-shukokai.fr\/site\/index.php?rest_route=\/wp\/v2\/pages\/27","targetHints":{"allow":["GET"]}}],"collection":[{"href":"https:\/\/www.karate-shukokai.fr\/site\/index.php?rest_route=\/wp\/v2\/pages"}],"about":[{"href":"https:\/\/www.karate-shukokai.fr\/site\/index.php?rest_route=\/wp\/v2\/types\/page"}],"author":[{"embeddable":true,"href":"https:\/\/www.karate-shukokai.fr\/site\/index.php?rest_route=\/wp\/v2\/users\/1"}],"replies":[{"embeddable":true,"href":"https:\/\/www.karate-shukokai.fr\/site\/index.php?rest_route=%2Fwp%2Fv2%2Fcomments&post=27"}],"version-history":[{"count":30,"href":"https:\/\/www.karate-shukokai.fr\/site\/index.php?rest_route=\/wp\/v2\/pages\/27\/revisions"}],"predecessor-version":[{"id":2055,"href":"https:\/\/www.karate-shukokai.fr\/site\/index.php?rest_route=\/wp\/v2\/pages\/27\/revisions\/2055"}],"up":[{"embeddable":true,"href":"https:\/\/www.karate-shukokai.fr\/site\/index.php?rest_route=\/wp\/v2\/pages\/7"}],"wp:attachment":[{"href":"https:\/\/www.karate-shukokai.fr\/site\/index.php?rest_route=%2Fwp%2Fv2%2Fmedia&parent=27"}],"curies":[{"name":"wp","href":"https:\/\/api.w.org\/{rel}","templated":true}]}}