{"id":22,"date":"2012-07-24T21:42:39","date_gmt":"2012-07-24T20:42:39","guid":{"rendered":"http:\/\/www.karate-shukokai.fr\/site\/?page_id=22"},"modified":"2022-09-26T17:47:18","modified_gmt":"2022-09-26T15:47:18","slug":"comite-directeur-club-de-boissy","status":"publish","type":"page","link":"https:\/\/www.karate-shukokai.fr\/site\/?page_id=22","title":{"rendered":"Comit\u00e9 directeur Club de Boissy"},"content":{"rendered":"<h3><span style=\"font-size: 1em;\">Pr\u00e9sidence<\/span><\/h3>\n<p style=\"padding-left: 30px;\">Eva MOUCHET &#8211; 06 08 86 33 39 &#8211; Pr\u00e9sidente<\/p>\n<p style=\"padding-left: 30px;\">Virginie HAGEGE &#8211; 06 74 00 34 71 &#8211; Vice Pr\u00e9sidente<\/p>\n<h4>Tr\u00e9sorerie<\/h4>\n<p style=\"padding-left: 30px;\">\n<p style=\"padding-left: 30px;\">\n<h4>Secr\u00e9tariat<\/h4>\n<p style=\"padding-left: 30px;\">\n<h4>Messagerie du club<\/h4>\n<p style=\"padding-left: 30px;\"><a href=\"mailto:karate.shukokai.boissy94@gmail.com\">karate.shukokai.boissy94@gmail.com<\/a><\/p>\n","protected":false},"excerpt":{"rendered":"<p>Pr\u00e9sidence Eva MOUCHET &#8211; 06 08 86 33 39 &#8211; Pr\u00e9sidente Virginie HAGEGE &#8211; 06 74 00 34 71 &#8211; Vice Pr\u00e9sidente Tr\u00e9sorerie Secr\u00e9tariat Messagerie du club karate.shukokai.boissy94@gmail.com<\/p>\n","protected":false},"author":1,"featured_media":0,"parent":7,"menu_order":0,"comment_status":"open","ping_status":"open","template":"","meta":{"footnotes":""},"class_list":["post-22","page","type-page","status-publish","hentry"],"_links":{"self":[{"href":"https:\/\/www.karate-shukokai.fr\/site\/index.php?rest_route=\/wp\/v2\/pages\/22","targetHints":{"allow":["GET"]}}],"collection":[{"href":"https:\/\/www.karate-shukokai.fr\/site\/index.php?rest_route=\/wp\/v2\/pages"}],"about":[{"href":"https:\/\/www.karate-shukokai.fr\/site\/index.php?rest_route=\/wp\/v2\/types\/page"}],"author":[{"embeddable":true,"href":"https:\/\/www.karate-shukokai.fr\/site\/index.php?rest_route=\/wp\/v2\/users\/1"}],"replies":[{"embeddable":true,"href":"https:\/\/www.karate-shukokai.fr\/site\/index.php?rest_route=%2Fwp%2Fv2%2Fcomments&post=22"}],"version-history":[{"count":14,"href":"https:\/\/www.karate-shukokai.fr\/site\/index.php?rest_route=\/wp\/v2\/pages\/22\/revisions"}],"predecessor-version":[{"id":2052,"href":"https:\/\/www.karate-shukokai.fr\/site\/index.php?rest_route=\/wp\/v2\/pages\/22\/revisions\/2052"}],"up":[{"embeddable":true,"href":"https:\/\/www.karate-shukokai.fr\/site\/index.php?rest_route=\/wp\/v2\/pages\/7"}],"wp:attachment":[{"href":"https:\/\/www.karate-shukokai.fr\/site\/index.php?rest_route=%2Fwp%2Fv2%2Fmedia&parent=22"}],"curies":[{"name":"wp","href":"https:\/\/api.w.org\/{rel}","templated":true}]}}