{"id":1947,"date":"2019-05-28T18:21:14","date_gmt":"2019-05-28T16:21:14","guid":{"rendered":"http:\/\/www.karate-shukokai.fr\/site\/?page_id=1947"},"modified":"2019-06-06T11:12:31","modified_gmt":"2019-06-06T09:12:31","slug":"conformite-rgpd","status":"publish","type":"page","link":"https:\/\/www.karate-shukokai.fr\/site\/?page_id=1947","title":{"rendered":"Conformit\u00e9 RGPD"},"content":{"rendered":"<p>Conform\u00e9ment \u00e0 la loi concernant la protection des donn\u00e9es, nous vous informons que les donn\u00e9es saisies sur le site sont :<\/p>\n<ul class=\"wp-block-list\">\n<li>les donn\u00e9es saisies lors de l&rsquo;inscription d&rsquo;un adh\u00e9rent<\/li>\n<li>Les donn\u00e9es saisies lors de l&rsquo;inscription aux comp\u00e9titions<\/li>\n<\/ul>\n<h4 class=\"wp-block-heading\">Responsable du traitement<\/h4>\n<p>Le responsable des donn\u00e9es vis \u00e0 vis de la CNIL est Philippe HAGEGE (<a href=\"mailto:webmaster@karate-shukokai.fr\">webmaster@karate-shukokai.fr<\/a>).<\/p>\n<h4 class=\"wp-block-heading\">Destinataires des donn\u00e9es<\/h4>\n<p>Ces donn\u00e9es sont exclusivement  visibles par les membres du bureau de l&rsquo;association.<\/p>\n<h4 class=\"wp-block-heading\">Chiffrement des donn\u00e9es<\/h4>\n<p>Les donn\u00e9es saisies sont chiffr\u00e9es par protocole https<\/p>\n<h4 class=\"wp-block-heading\">Cookies<\/h4>\n<p>Aucun cookie de tra\u00e7age n&rsquo;est utilis\u00e9.<\/p>\n<h4 class=\"wp-block-heading\">H\u00e9bergeur<\/h4>\n<p>Les donn\u00e9es sont stock\u00e9es dans une base de donn\u00e9e MySQL h\u00e9berg\u00e9e par Infomaniak.com (h\u00e9bergeur situ\u00e9 en Suisse)et ne sont transmises \u00e0 aucun organisme.<\/p>\n<h4 class=\"wp-block-heading\">Validit\u00e9 des donn\u00e9es<\/h4>\n<p>La validit\u00e9 des donn\u00e9es est limit\u00e9 \u00e0 la saison en cours et toutes les donn\u00e9es sont effac\u00e9es \u00e0 chaque d\u00e9but de saison.<\/p>\n<h4 class=\"wp-block-heading\">Newsletter<\/h4>\n<p>Les informations des destinataires des newsletters (adresses de messagerie) sont stock\u00e9es de mani\u00e8re permanente (ce qui permet \u00e0 d&rsquo;ancien adh\u00e9rents de pouvoir recevoir les newsletters) avec possibilit\u00e9 de se d\u00e9sinscrire de l&rsquo;envoi des newsletters.<\/p>\n<p>Tous les messages envoy\u00e9s par l&rsquo;association se font en copie cach\u00e9e afin d&rsquo;\u00e9viter qu&rsquo;aucun adh\u00e9rents ne connaissent les adresses de messagerie utilis\u00e9es<\/p>\n<h3 class=\"wp-block-heading\">Droit d&rsquo;acc\u00e8s, de modification et droit \u00e0 l&rsquo;oubli<\/h3>\n<h4 class=\"wp-block-heading\">Droit d&rsquo;acc\u00e8s<\/h4>\n<p>Le droit d&rsquo;acc\u00e8s aux donn\u00e9es personnelles s&rsquo;effectue par mail \u00e0 l&rsquo;adresse du <a href=\"mailto:webmaster@karate-shukokai.fr\">responsable<\/a> des donn\u00e9es et l&rsquo;adh\u00e9rent re\u00e7oit en retour sa fiche d&rsquo;inscription contenant toutes ses informations.<\/p>\n<h4 class=\"wp-block-heading\">Modification des donn\u00e9es<\/h4>\n<p>Toute demande de modification d&rsquo;information se fait par messagerie \u00e0 l&rsquo;adresse du <a href=\"mailto:webmaster@karate-shukokai.fr\">responsable<\/a> des donn\u00e9es.<\/p>\n<h4 class=\"wp-block-heading\">Droit \u00e0 l&rsquo;oubli<\/h4>\n<p>Concernant le droit \u00e0 l&rsquo;oubli, la suppression de la fiche d&rsquo;adh\u00e9sion en cours de saison signifie la demande de l&rsquo;adh\u00e9rent d&rsquo;\u00eatre radi\u00e9 de l&rsquo;association. Cette demande doit se faire par messagerie \u00e0 l&rsquo;adresse du <a href=\"mailto:webmaster@karate-shukokai.fr\">responsable<\/a> des donn\u00e9es<\/p><\/p>\n","protected":false},"excerpt":{"rendered":"<p>Conform\u00e9ment \u00e0 la loi concernant la protection des donn\u00e9es, nous vous informons que les donn\u00e9es saisies sur le site sont : les donn\u00e9es saisies lors de l&rsquo;inscription d&rsquo;un adh\u00e9rent Les donn\u00e9es saisies lors de l&rsquo;inscription aux comp\u00e9titions Responsable du traitement Le responsable des donn\u00e9es vis \u00e0 vis de la CNIL est Philippe HAGEGE (webmaster@karate-shukokai.fr). Destinataires <\/p>\n","protected":false},"author":1,"featured_media":0,"parent":0,"menu_order":0,"comment_status":"closed","ping_status":"closed","template":"","meta":{"footnotes":""},"class_list":["post-1947","page","type-page","status-publish","hentry"],"_links":{"self":[{"href":"https:\/\/www.karate-shukokai.fr\/site\/index.php?rest_route=\/wp\/v2\/pages\/1947","targetHints":{"allow":["GET"]}}],"collection":[{"href":"https:\/\/www.karate-shukokai.fr\/site\/index.php?rest_route=\/wp\/v2\/pages"}],"about":[{"href":"https:\/\/www.karate-shukokai.fr\/site\/index.php?rest_route=\/wp\/v2\/types\/page"}],"author":[{"embeddable":true,"href":"https:\/\/www.karate-shukokai.fr\/site\/index.php?rest_route=\/wp\/v2\/users\/1"}],"replies":[{"embeddable":true,"href":"https:\/\/www.karate-shukokai.fr\/site\/index.php?rest_route=%2Fwp%2Fv2%2Fcomments&post=1947"}],"version-history":[{"count":6,"href":"https:\/\/www.karate-shukokai.fr\/site\/index.php?rest_route=\/wp\/v2\/pages\/1947\/revisions"}],"predecessor-version":[{"id":1985,"href":"https:\/\/www.karate-shukokai.fr\/site\/index.php?rest_route=\/wp\/v2\/pages\/1947\/revisions\/1985"}],"wp:attachment":[{"href":"https:\/\/www.karate-shukokai.fr\/site\/index.php?rest_route=%2Fwp%2Fv2%2Fmedia&parent=1947"}],"curies":[{"name":"wp","href":"https:\/\/api.w.org\/{rel}","templated":true}]}}