{"id":1897,"date":"2019-02-02T15:03:52","date_gmt":"2019-02-02T13:03:52","guid":{"rendered":"http:\/\/www.karate-shukokai.fr\/site\/?page_id=1897"},"modified":"2019-06-11T10:51:08","modified_gmt":"2019-06-11T08:51:08","slug":"competitions-2018-2019","status":"publish","type":"page","link":"https:\/\/www.karate-shukokai.fr\/site\/","title":{"rendered":"Comp\u00e9titions"},"content":{"rendered":"<h2>Saison 2025-2026<\/h2>\n<p><a href='#Traditionnel'>Traditionnel<\/a>&nbsp;&nbsp;&nbsp;<a href='#Contact'>Contact<\/a>&nbsp;&nbsp;&nbsp;<a href='#Light_Contact'>Light-Contact<\/a>&nbsp;&nbsp;&nbsp;<a href='#Semi_Contact'>Semi-Contact<\/a>&nbsp;&nbsp;&nbsp;<BR><\/p>\n<h3 id='Traditionnel'>Comp\u00e9titions Karat\u00e9 Traditionnel<\/h3>\n<p><a href='#0Septembre'>Sep<\/a>&nbsp;<a href='#0Octobre'>Oct<\/a>&nbsp;<a href='#0Novembre'>Nov<\/a>&nbsp;<a href='#0Decembre'>Dec<\/a>&nbsp;<a href='#0Janvier'>Jan<\/a>&nbsp;<a href='#0Fevrier'>Fev<\/a>&nbsp;<a href='#0Mars'>Mar<\/a>&nbsp;<a href='#0Avril'>Avr<\/a>&nbsp;<a href='#0Mai'>Mai<\/a>&nbsp;<a href='#0Juin'>Jui<\/a>&nbsp;<a href='#0Juillet'>Jui<\/a>&nbsp;<a href='#0Aout'>Aou<\/a>&nbsp;<a href='#0'><\/a>&nbsp;<br \/><a href='#'>Haut de page<\/a><\/p>\n<h3 id='Contact'>Comp\u00e9titions Karat\u00e9 Contact<\/h3>\n<p><a href='#'>Haut de page<\/a><\/p>\n<h3 id='Light_Contact'>Comp\u00e9titions Karat\u00e9 Light-Contact<\/h3>\n<p><a href='#'>Haut de page<\/a><\/p>\n<h3 id='Semi_Contact'>Comp\u00e9titions Karat\u00e9 Semi-Contact<\/h3>\n<p><a href='#'>Haut de page<\/a><\/p>\n","protected":false},"excerpt":{"rendered":"<p>Saison 2025-2026 Traditionnel&nbsp;&nbsp;&nbsp;Contact&nbsp;&nbsp;&nbsp;Light-Contact&nbsp;&nbsp;&nbsp;Semi-Contact&nbsp;&nbsp;&nbsp; Comp\u00e9titions Karat\u00e9 Traditionnel Sep&nbsp;Oct&nbsp;Nov&nbsp;Dec&nbsp;Jan&nbsp;Fev&nbsp;Mar&nbsp;Avr&nbsp;Mai&nbsp;Jui&nbsp;Jui&nbsp;Aou&nbsp;&nbsp;Haut de page Comp\u00e9titions Karat\u00e9 Contact Haut de page Comp\u00e9titions Karat\u00e9 Light-Contact Haut de page Comp\u00e9titions Karat\u00e9 Semi-Contact Haut de page<\/p>\n","protected":false},"author":1,"featured_media":0,"parent":0,"menu_order":0,"comment_status":"closed","ping_status":"closed","template":"","meta":{"footnotes":""},"class_list":["post-1897","page","type-page","status-publish","hentry"],"_links":{"self":[{"href":"https:\/\/www.karate-shukokai.fr\/site\/index.php?rest_route=\/wp\/v2\/pages\/1897","targetHints":{"allow":["GET"]}}],"collection":[{"href":"https:\/\/www.karate-shukokai.fr\/site\/index.php?rest_route=\/wp\/v2\/pages"}],"about":[{"href":"https:\/\/www.karate-shukokai.fr\/site\/index.php?rest_route=\/wp\/v2\/types\/page"}],"author":[{"embeddable":true,"href":"https:\/\/www.karate-shukokai.fr\/site\/index.php?rest_route=\/wp\/v2\/users\/1"}],"replies":[{"embeddable":true,"href":"https:\/\/www.karate-shukokai.fr\/site\/index.php?rest_route=%2Fwp%2Fv2%2Fcomments&post=1897"}],"version-history":[{"count":2,"href":"https:\/\/www.karate-shukokai.fr\/site\/index.php?rest_route=\/wp\/v2\/pages\/1897\/revisions"}],"predecessor-version":[{"id":1988,"href":"https:\/\/www.karate-shukokai.fr\/site\/index.php?rest_route=\/wp\/v2\/pages\/1897\/revisions\/1988"}],"wp:attachment":[{"href":"https:\/\/www.karate-shukokai.fr\/site\/index.php?rest_route=%2Fwp%2Fv2%2Fmedia&parent=1897"}],"curies":[{"name":"wp","href":"https:\/\/api.w.org\/{rel}","templated":true}]}}